{"id":202,"date":"2022-02-27T21:12:40","date_gmt":"2022-02-28T00:12:40","guid":{"rendered":"https:\/\/espacoprosseguir.com.br\/?page_id=202"},"modified":"2022-02-28T09:07:40","modified_gmt":"2022-02-28T12:07:40","slug":"nova-pagina","status":"publish","type":"page","link":"https:\/\/espacoprosseguir.com.br\/?page_id=202","title":{"rendered":"QUEM SOMOS"},"content":{"rendered":"\n<figure class=\"wp-block-gallery has-nested-images columns-default is-cropped wp-block-gallery-1 is-layout-flex wp-block-gallery-is-layout-flex\">\n<figure class=\"wp-block-image size-large\"><img loading=\"lazy\" decoding=\"async\" width=\"640\" height=\"640\" data-id=\"259\" src=\"https:\/\/espacoprosseguir.com.br\/wp-content\/uploads\/2022\/02\/FOTO2.jpg\" alt=\"\" class=\"wp-image-259\" srcset=\"https:\/\/espacoprosseguir.com.br\/wp-content\/uploads\/2022\/02\/FOTO2.jpg 640w, https:\/\/espacoprosseguir.com.br\/wp-content\/uploads\/2022\/02\/FOTO2-300x300.jpg 300w, https:\/\/espacoprosseguir.com.br\/wp-content\/uploads\/2022\/02\/FOTO2-150x150.jpg 150w\" sizes=\"auto, (max-width: 640px) 100vw, 640px\" \/><\/figure>\n\n\n\n<figure class=\"wp-block-image size-large\"><img loading=\"lazy\" decoding=\"async\" width=\"1024\" height=\"1024\" data-id=\"258\" src=\"https:\/\/espacoprosseguir.com.br\/wp-content\/uploads\/2022\/02\/FOTO3-1024x1024.jpg\" alt=\"\" class=\"wp-image-258\" srcset=\"https:\/\/espacoprosseguir.com.br\/wp-content\/uploads\/2022\/02\/FOTO3-1024x1024.jpg 1024w, https:\/\/espacoprosseguir.com.br\/wp-content\/uploads\/2022\/02\/FOTO3-300x300.jpg 300w, https:\/\/espacoprosseguir.com.br\/wp-content\/uploads\/2022\/02\/FOTO3-150x150.jpg 150w, https:\/\/espacoprosseguir.com.br\/wp-content\/uploads\/2022\/02\/FOTO3-768x768.jpg 768w, https:\/\/espacoprosseguir.com.br\/wp-content\/uploads\/2022\/02\/FOTO3.jpg 1080w\" sizes=\"auto, (max-width: 1024px) 100vw, 1024px\" \/><\/figure>\n\n\n\n<figure class=\"wp-block-image size-large\"><img loading=\"lazy\" decoding=\"async\" width=\"640\" height=\"640\" data-id=\"260\" src=\"https:\/\/espacoprosseguir.com.br\/wp-content\/uploads\/2022\/02\/FOTO4.jpg\" alt=\"\" class=\"wp-image-260\" srcset=\"https:\/\/espacoprosseguir.com.br\/wp-content\/uploads\/2022\/02\/FOTO4.jpg 640w, https:\/\/espacoprosseguir.com.br\/wp-content\/uploads\/2022\/02\/FOTO4-300x300.jpg 300w, https:\/\/espacoprosseguir.com.br\/wp-content\/uploads\/2022\/02\/FOTO4-150x150.jpg 150w\" sizes=\"auto, (max-width: 640px) 100vw, 640px\" \/><\/figure>\n<\/figure>\n\n\n\n<p class=\"has-normal-font-size\">Inaugurada no dia 19 de janeiro de 2015, a Prosseguir oferece um conceito inovador de atividades pr\u00e9 e p\u00f3s-per\u00edodo escolar.<\/p>\n\n\n\n<p class=\"has-normal-font-size\">O<strong> Espa\u00e7o Prosseguir <\/strong>\u00e9 um lugar especializado e preocupado em propiciar bem-estar, qualidade na educa\u00e7\u00e3o complementar, no esporte, nas atividades l\u00fadicas e expressivas, no contraper\u00edodo escolar, atendendo crian\u00e7as de 5 a 10 anos.<\/p>\n\n\n\n<p class=\"has-normal-font-size\">Os ambientes s\u00e3o criativos, l\u00fadicos e confort\u00e1veis, e foram projetados para atingir os objetivos e expectativas do p\u00fablico infantojuvenil.<\/p>\n\n\n\n<h2 class=\"has-red-color has-text-color wp-block-heading\" style=\"font-style:normal;font-weight:100\">MISS\u00c3O<\/h2>\n\n\n\n<p class=\"has-normal-font-size\">Complementar a forma\u00e7\u00e3o integral do indiv\u00edduo, aperfei\u00e7oando sua criatividade e autonomia.<\/p>\n\n\n\n<p class=\"has-normal-font-size\">Oferecer um espa\u00e7o com uma estrutura bem planejada e diferentes atividades f\u00edsicas, como: recrea\u00e7\u00e3o, futebol, neopilates, jud\u00f4, grupo de dan\u00e7a e teatro.<\/p>\n\n\n\n<p class=\"has-normal-font-size\">Oferecer acompanhamento pedag\u00f3gico de qualidade, orienta\u00e7\u00e3o de estudo e na realiza\u00e7\u00e3o da li\u00e7\u00e3o de casa.<\/p>\n\n\n\n<p class=\"has-normal-font-size\">Oferecer atividades integradas ao curr\u00edculo escolar, que oportunizam a aprendizagem e ampliam a forma\u00e7\u00e3o da crian\u00e7a quanto \u00e0 sensibilidade, express\u00e3o corporal, l\u00ednguas art\u00edstica e liter\u00e1ria, aproximando o ambiente educacional da diversidade cultural, estimulando a leitura e a criatividade em torno das atividades escolares.<\/p>\n\n\n\n<h2 class=\"has-red-color has-text-color wp-block-heading\" style=\"font-style:normal;font-weight:100\">DIFERENCIAIS<\/h2>\n\n\n\n<p>Ingl\u00eas di\u00e1rio (de acordo com o plano contratado);<\/p>\n\n\n\n<p>Todas as atividades extras (de acordo com o plano contratado);<\/p>\n\n\n\n<p>Flexibilidade para contrata\u00e7\u00e3o: 2, 3, 4, 5 dias na semana;<\/p>\n\n\n\n<p>Professor especialista por \u00e1rea;<\/p>\n\n\n\n<p>Professores formados e com ampla experi\u00eancia profissional para o acompanhamento da li\u00e7\u00e3o de casa e do estudo para provas;<\/p>\n\n\n\n<p>Cada professor \u00e9 respons\u00e1vel por seu grupo de at\u00e9 18 alunos.<\/p>\n","protected":false},"excerpt":{"rendered":"<p>Inaugurada no dia 19 de janeiro de 2015, a Prosseguir oferece um conceito inovador de atividades pr\u00e9 e p\u00f3s-per\u00edodo escolar. O Espa\u00e7o Prosseguir \u00e9 um lugar especializado e preocupado em propiciar bem-estar, qualidade na educa\u00e7\u00e3o complementar, no esporte, nas atividades l\u00fadicas e expressivas, no contraper\u00edodo escolar, atendendo crian\u00e7as de 5 a 10 anos. Os ambientes [&hellip;]<\/p>\n","protected":false},"author":1,"featured_media":0,"parent":0,"menu_order":0,"comment_status":"closed","ping_status":"closed","template":"tpl-builders.php","meta":{"footnotes":""},"class_list":["post-202","page","type-page","status-publish","hentry"],"_links":{"self":[{"href":"https:\/\/espacoprosseguir.com.br\/index.php?rest_route=\/wp\/v2\/pages\/202","targetHints":{"allow":["GET"]}}],"collection":[{"href":"https:\/\/espacoprosseguir.com.br\/index.php?rest_route=\/wp\/v2\/pages"}],"about":[{"href":"https:\/\/espacoprosseguir.com.br\/index.php?rest_route=\/wp\/v2\/types\/page"}],"author":[{"embeddable":true,"href":"https:\/\/espacoprosseguir.com.br\/index.php?rest_route=\/wp\/v2\/users\/1"}],"replies":[{"embeddable":true,"href":"https:\/\/espacoprosseguir.com.br\/index.php?rest_route=%2Fwp%2Fv2%2Fcomments&post=202"}],"version-history":[{"count":5,"href":"https:\/\/espacoprosseguir.com.br\/index.php?rest_route=\/wp\/v2\/pages\/202\/revisions"}],"predecessor-version":[{"id":295,"href":"https:\/\/espacoprosseguir.com.br\/index.php?rest_route=\/wp\/v2\/pages\/202\/revisions\/295"}],"wp:attachment":[{"href":"https:\/\/espacoprosseguir.com.br\/index.php?rest_route=%2Fwp%2Fv2%2Fmedia&parent=202"}],"curies":[{"name":"wp","href":"https:\/\/api.w.org\/{rel}","templated":true}]}}