{"id":62,"date":"2022-02-13T14:44:42","date_gmt":"2022-02-13T17:44:42","guid":{"rendered":"https:\/\/espacoprosseguir.com.br\/?page_id=62"},"modified":"2022-03-13T19:51:16","modified_gmt":"2022-03-13T22:51:16","slug":"esportes","status":"publish","type":"page","link":"https:\/\/espacoprosseguir.com.br\/?page_id=62","title":{"rendered":"ESPORTES"},"content":{"rendered":"\n<div class=\"wp-block-group\"><div class=\"wp-block-group__inner-container is-layout-flow wp-block-group-is-layout-flow\">\n<p class=\"has-normal-font-size\">A viv\u00eancia esportiva \u00e9 uma poderosa oportunidade para a educa\u00e7\u00e3o.<\/p>\n\n\n\n<p class=\"has-normal-font-size\">Habilidades necess\u00e1rias, como raciocinar, exercitar a mem\u00f3ria, compreender situa\u00e7\u00f5es, linguagens e estrat\u00e9gias, ajudam na aprendizagem em sala de aula, mas os benef\u00edcios tamb\u00e9m s\u00e3o sociais e emocionais.<\/p>\n\n\n\n<p class=\"has-normal-font-size\">Diferentemente do que normalmente ocorre numa sala de aula, a pr\u00e1tica esportiva chama a crian\u00e7a para se expor ativamente.<\/p>\n\n\n\n<p class=\"has-normal-font-size\">Ao se mostrar e se posicionar, as crian\u00e7as revelam a sua personalidade de maneira espont\u00e2nea.<\/p>\n\n\n\n<p class=\"has-normal-font-size\">A vida n\u00e3o \u00e9 feita apenas de vit\u00f3rias \u2013 na verdade, na maioria das vezes, as derrotas s\u00e3o mais numerosas no caminho.<\/p>\n\n\n\n<p class=\"has-normal-font-size\">Assim \u00e9 tamb\u00e9m no esporte: em um campeonato com 10 times, apenas um sair\u00e1 campe\u00e3o. As outras nove equipes ter\u00e3o que aceitar a derrota e aprender a partir dela.<\/p>\n\n\n\n<p class=\"has-normal-font-size\">Assim como \u00e9 preciso aprender com a derrota, \u00e9 importante aprender a ganhar para que a equipe n\u00e3o fique excessivamente confiante e at\u00e9 arrogante. Dar valor apenas para a parte competitiva do esporte, de que s\u00f3 importa ganhar, \u00e9 ignorar uma s\u00e9rie de aprendizados que a pr\u00e1tica esportiva desenvolve.<\/p>\n\n\n\n<p class=\"has-normal-font-size\">O importante \u00e9 competir, sim, mas consigo mesmo: \u201cA verdadeira vit\u00f3ria no esporte n\u00e3o \u00e9 o resultado, mas conseguir ultrapassar seus pr\u00f3prios limites. Superar a si mesmo e n\u00e3o aos outros\u201d.<\/p>\n\n\n\n<p class=\"has-normal-font-size\">Na Prosseguir, o esporte \u00e9 visto como um facilitador do processo educacional, em que reflex\u00f5es podem ser trabalhadas e compet\u00eancias estimuladas.<\/p>\n<\/div><\/div>\n\n\n\n<div class=\"wp-block-columns has-background is-layout-flex wp-container-core-columns-is-layout-9d6595d7 wp-block-columns-is-layout-flex\" style=\"background-color:#ececec\">\n<div class=\"wp-block-column is-layout-flow wp-block-column-is-layout-flow\" style=\"flex-basis:33.33%\">\n<figure class=\"wp-block-image size-large\"><img loading=\"lazy\" decoding=\"async\" width=\"1024\" height=\"819\" src=\"https:\/\/espacoprosseguir.com.br\/wp-content\/uploads\/2022\/02\/Vermelho-Origami-Arte-Fotos-Montagem-11-1024x819.jpg\" alt=\"\" class=\"wp-image-330\" srcset=\"https:\/\/espacoprosseguir.com.br\/wp-content\/uploads\/2022\/02\/Vermelho-Origami-Arte-Fotos-Montagem-11-1024x819.jpg 1024w, https:\/\/espacoprosseguir.com.br\/wp-content\/uploads\/2022\/02\/Vermelho-Origami-Arte-Fotos-Montagem-11-300x240.jpg 300w, https:\/\/espacoprosseguir.com.br\/wp-content\/uploads\/2022\/02\/Vermelho-Origami-Arte-Fotos-Montagem-11-768x614.jpg 768w, https:\/\/espacoprosseguir.com.br\/wp-content\/uploads\/2022\/02\/Vermelho-Origami-Arte-Fotos-Montagem-11-1536x1229.jpg 1536w, https:\/\/espacoprosseguir.com.br\/wp-content\/uploads\/2022\/02\/Vermelho-Origami-Arte-Fotos-Montagem-11-375x300.jpg 375w, https:\/\/espacoprosseguir.com.br\/wp-content\/uploads\/2022\/02\/Vermelho-Origami-Arte-Fotos-Montagem-11.jpg 2000w\" sizes=\"auto, (max-width: 1024px) 100vw, 1024px\" \/><\/figure>\n<\/div>\n\n\n\n<div class=\"wp-block-column is-layout-flow wp-block-column-is-layout-flow\" style=\"flex-basis:66.66%\">\n<h1 class=\"has-large-font-size wp-block-heading\" style=\"font-style:normal;font-weight:100\">JIU JITSU<\/h1>\n\n\n\n<p class=\"has-normal-font-size\">O Jiu Jitsu para as crian\u00e7as tem por objetivo melhorar a concentra\u00e7\u00e3o, proporcionar auto-estima, disciplina e sa\u00fade f\u00edsica com total seguran\u00e7a.<br>Muito mais que golpes e posi\u00e7\u00f5es marciais, nesta modalidade buscamos fortalecer a rela\u00e7\u00e3o entre amigos, apoiar a fam\u00edlia na forma\u00e7\u00e3o do car\u00e1ter e possibilitar que a crian\u00e7a atinja adolesc\u00eancia com seus princ\u00edpios desenvolvidos.<br>A crian\u00e7a de hoje, \u00e9 o formador de opini\u00e3o de amanh\u00e3, um bom professor n\u00e3o tem como objetivo formar campe\u00f5es e sim formar pessoas vitoriosas na vida.<br>Em toda aula h\u00e1 sempre uma rela\u00e7\u00e3o muito pr\u00f3xima com a realidade do dia-a-dia, preparando as crian\u00e7as para o futuro com responsabilidade e seguran\u00e7a.<\/p>\n\n\n\n<p class=\"has-normal-font-size\">Al\u00e9m destes aspectos podemos destacar outros benef\u00edcios dentro do Jiu Jitsu para as crian\u00e7as:<\/p>\n\n\n\n<p class=\"has-normal-font-size\">1- Controle Muscular<br>2- Aperfei\u00e7oamento do reflexo<br>3- Desenvolvimento do Racioc\u00ednio<br>4- Equil\u00edbrio Mental<br>5- Refor\u00e7o do Car\u00e1ter \u00e9 da Moral<br>6- Fortalecimento da Auto Confian\u00e7a<br>7- Respeito aos Companheiros<br>8- Senso de Disciplina \u00e9 Hierarquia<\/p>\n\n\n\n<div class=\"wp-block-buttons is-layout-flex wp-block-buttons-is-layout-flex\"><\/div>\n<\/div>\n<\/div>\n\n\n\n<div class=\"wp-block-columns has-white-background-color has-background is-layout-flex wp-container-core-columns-is-layout-9d6595d7 wp-block-columns-is-layout-flex\">\n<div class=\"wp-block-column is-layout-flow wp-block-column-is-layout-flow\" style=\"flex-basis:33.33%\">\n<figure class=\"wp-block-image size-large\"><img loading=\"lazy\" decoding=\"async\" width=\"1024\" height=\"819\" src=\"https:\/\/espacoprosseguir.com.br\/wp-content\/uploads\/2022\/02\/Vermelho-Origami-Arte-Fotos-Montagem-8-1024x819.jpg\" alt=\"\" class=\"wp-image-300\" srcset=\"https:\/\/espacoprosseguir.com.br\/wp-content\/uploads\/2022\/02\/Vermelho-Origami-Arte-Fotos-Montagem-8-1024x819.jpg 1024w, https:\/\/espacoprosseguir.com.br\/wp-content\/uploads\/2022\/02\/Vermelho-Origami-Arte-Fotos-Montagem-8-300x240.jpg 300w, https:\/\/espacoprosseguir.com.br\/wp-content\/uploads\/2022\/02\/Vermelho-Origami-Arte-Fotos-Montagem-8-768x614.jpg 768w, https:\/\/espacoprosseguir.com.br\/wp-content\/uploads\/2022\/02\/Vermelho-Origami-Arte-Fotos-Montagem-8-1536x1229.jpg 1536w, https:\/\/espacoprosseguir.com.br\/wp-content\/uploads\/2022\/02\/Vermelho-Origami-Arte-Fotos-Montagem-8-375x300.jpg 375w, https:\/\/espacoprosseguir.com.br\/wp-content\/uploads\/2022\/02\/Vermelho-Origami-Arte-Fotos-Montagem-8.jpg 2000w\" sizes=\"auto, (max-width: 1024px) 100vw, 1024px\" \/><\/figure>\n<\/div>\n\n\n\n<div class=\"wp-block-column is-layout-flow wp-block-column-is-layout-flow\" style=\"flex-basis:66.66%\">\n<h1 class=\"has-large-font-size wp-block-heading\" style=\"font-style:normal;font-weight:100\">FUTEBOL<\/h1>\n\n\n\n<p class=\"has-normal-font-size\">Durante a aula de futebol, podemos utilizar estrat\u00e9gias para ensinar coisas importantes para a vida. Ensinar as crian\u00e7as a gostarem de futebol e jogos relacionados, a ponto de quererem pratic\u00e1-los sempre que puderem, ensinamos a pensarem o jogo e seus aspectos de uma maneira diferente da que pensavam antes da aula e, com isso, conseguirem enxergar solu\u00e7\u00f5es para jogar que n\u00e3o viam anteriormente. Orientamos a terem bons \u00eddolos e refer\u00eancias de aprendizagem.<br>Conscientizar as crian\u00e7as que podem aprender\u2026 como aprendem o jogo, podem aprender qualquer outra coisa. Quanto mais o ambiente pedag\u00f3gico permitir a produ\u00e7\u00e3o de alternativas, a liberdade de express\u00e3o, mais incitar\u00e1 a criatividade. Ou seja, se a crian\u00e7a puder produzir solu\u00e7\u00f5es diferentes para resolver os problemas que se apresentam, mais criativo ele ficar\u00e1.<\/p>\n\n\n\n<div class=\"wp-block-buttons is-layout-flex wp-block-buttons-is-layout-flex\"><\/div>\n\n\n\n<div class=\"wp-block-buttons is-layout-flex wp-block-buttons-is-layout-flex\"><\/div>\n<\/div>\n<\/div>\n\n\n\n<div class=\"wp-block-columns has-background is-layout-flex wp-container-core-columns-is-layout-9d6595d7 wp-block-columns-is-layout-flex\" style=\"background-color:#ececec\">\n<div class=\"wp-block-column is-layout-flow wp-block-column-is-layout-flow\" style=\"flex-basis:33.33%\">\n<figure class=\"wp-block-image size-large\"><img loading=\"lazy\" decoding=\"async\" width=\"1024\" height=\"819\" src=\"https:\/\/espacoprosseguir.com.br\/wp-content\/uploads\/2022\/02\/Vermelho-Origami-Arte-Fotos-Montagem-9-1024x819.jpg\" alt=\"\" class=\"wp-image-301\" srcset=\"https:\/\/espacoprosseguir.com.br\/wp-content\/uploads\/2022\/02\/Vermelho-Origami-Arte-Fotos-Montagem-9-1024x819.jpg 1024w, https:\/\/espacoprosseguir.com.br\/wp-content\/uploads\/2022\/02\/Vermelho-Origami-Arte-Fotos-Montagem-9-300x240.jpg 300w, https:\/\/espacoprosseguir.com.br\/wp-content\/uploads\/2022\/02\/Vermelho-Origami-Arte-Fotos-Montagem-9-768x614.jpg 768w, https:\/\/espacoprosseguir.com.br\/wp-content\/uploads\/2022\/02\/Vermelho-Origami-Arte-Fotos-Montagem-9-1536x1229.jpg 1536w, https:\/\/espacoprosseguir.com.br\/wp-content\/uploads\/2022\/02\/Vermelho-Origami-Arte-Fotos-Montagem-9-375x300.jpg 375w, https:\/\/espacoprosseguir.com.br\/wp-content\/uploads\/2022\/02\/Vermelho-Origami-Arte-Fotos-Montagem-9.jpg 2000w\" sizes=\"auto, (max-width: 1024px) 100vw, 1024px\" \/><\/figure>\n<\/div>\n\n\n\n<div class=\"wp-block-column is-layout-flow wp-block-column-is-layout-flow\" style=\"flex-basis:66.66%\">\n<h1 class=\"has-large-font-size wp-block-heading\" style=\"font-style:normal;font-weight:100\">DAN\u00c7A<\/h1>\n\n\n\n<p class=\"has-normal-font-size\">A aula de dan\u00e7a traz in\u00fameros benef\u00edcios para as crian\u00e7as, desde quebrar barreiras e criar v\u00ednculos at\u00e9 o desenvolvimento motor e cognitivo.<br>Auxilia a crian\u00e7a a desenvolver habilidades que vai usar por toda a vida, tanto acad\u00eamica quanto pessoal. Saber se expressar, conhecer o pr\u00f3prio corpo e movimentos que \u00e9 capaz de fazer, memoriza\u00e7\u00e3o, lateralidade, ritmo e presen\u00e7a s\u00e3o alguns aspectos trabalhados na dan\u00e7a.<br>Utilizamos atrav\u00e9s da interdisciplinariedade o conhecimento cultural, completando o desenvolvimento integral das crian\u00e7as.<\/p>\n\n\n\n<p><\/p>\n<\/div>\n<\/div>\n","protected":false},"excerpt":{"rendered":"<p>A viv\u00eancia esportiva \u00e9 uma poderosa oportunidade para a educa\u00e7\u00e3o. Habilidades necess\u00e1rias, como raciocinar, exercitar a mem\u00f3ria, compreender situa\u00e7\u00f5es, linguagens e estrat\u00e9gias, ajudam na aprendizagem em sala de aula, mas os benef\u00edcios tamb\u00e9m s\u00e3o sociais e emocionais. Diferentemente do que normalmente ocorre numa sala de aula, a pr\u00e1tica esportiva chama a crian\u00e7a para se expor [&hellip;]<\/p>\n","protected":false},"author":1,"featured_media":0,"parent":0,"menu_order":0,"comment_status":"closed","ping_status":"closed","template":"","meta":{"footnotes":""},"class_list":["post-62","page","type-page","status-publish","hentry"],"_links":{"self":[{"href":"https:\/\/espacoprosseguir.com.br\/index.php?rest_route=\/wp\/v2\/pages\/62","targetHints":{"allow":["GET"]}}],"collection":[{"href":"https:\/\/espacoprosseguir.com.br\/index.php?rest_route=\/wp\/v2\/pages"}],"about":[{"href":"https:\/\/espacoprosseguir.com.br\/index.php?rest_route=\/wp\/v2\/types\/page"}],"author":[{"embeddable":true,"href":"https:\/\/espacoprosseguir.com.br\/index.php?rest_route=\/wp\/v2\/users\/1"}],"replies":[{"embeddable":true,"href":"https:\/\/espacoprosseguir.com.br\/index.php?rest_route=%2Fwp%2Fv2%2Fcomments&post=62"}],"version-history":[{"count":5,"href":"https:\/\/espacoprosseguir.com.br\/index.php?rest_route=\/wp\/v2\/pages\/62\/revisions"}],"predecessor-version":[{"id":331,"href":"https:\/\/espacoprosseguir.com.br\/index.php?rest_route=\/wp\/v2\/pages\/62\/revisions\/331"}],"wp:attachment":[{"href":"https:\/\/espacoprosseguir.com.br\/index.php?rest_route=%2Fwp%2Fv2%2Fmedia&parent=62"}],"curies":[{"name":"wp","href":"https:\/\/api.w.org\/{rel}","templated":true}]}}